{"id":217,"date":"2023-09-01T00:54:45","date_gmt":"2023-08-31T22:54:45","guid":{"rendered":"https:\/\/121fitness.ch\/?page_id=217"},"modified":"2023-09-05T12:39:15","modified_gmt":"2023-09-05T10:39:15","slug":"impressum","status":"publish","type":"page","link":"https:\/\/121fitness.ch\/de\/impressum\/","title":{"rendered":"Impressum"},"content":{"rendered":"\n<div class=\"wp-block-group is-layout-constrained wp-block-group-is-layout-constrained\">\n<h1 class=\"wp-block-heading\" id=\"jsectionimpressum\">Impressum<\/h1>\n\n\n\n<h2 class=\"wp-block-heading\" id=\"jsectionverantwortlichfrdeninhalt\">Verantwortlich f\u00fcr den Inhalt<\/h2>\n\n\n\n<p>121fitness GmbH<br>Z\u00fcrichstrasse 94a<br>8700 K\u00fcsnacht<br>Schweiz<br>E-Mail: <a href=\"mailto:christian.kuenzli@121fitness.ch\" rel=\"noreferrer noopener\" target=\"_blank\">christian.kuenzli@121fitness.ch<\/a><br>Tel.: +41 43 817 87 50<\/p>\n\n\n\n<div style=\"height:300px\" aria-hidden=\"true\" class=\"wp-block-spacer\"><\/div>\n<\/div>\n\n\n\n<section id=\"kontakt\" class=\"wp-block-group is-layout-constrained wp-block-group-is-layout-constrained\">\n<div class=\"wp-block-group has-background is-vertical is-content-justification-center is-nowrap is-layout-flex wp-container-core-group-is-layout-857ef822 wp-block-group-is-layout-flex\" style=\"background-color:#f2f2f2\">\n<h2 class=\"wp-block-heading\">Kontakt \/ Impressum<\/h2>\n\n\n\n<hr class=\"wp-block-separator has-alpha-channel-opacity\"\/>\n\n\n\n<div class=\"wp-block-columns is-layout-flex wp-container-core-columns-is-layout-28f84493 wp-block-columns-is-layout-flex\">\n<div class=\"wp-block-column is-layout-flow wp-block-column-is-layout-flow\">\n<p><strong>Christian K\u00fcnzli<\/strong><br>Z\u00fcrichstrasse 94a &#8211; 8700 K\u00fcsnacht<br><a href=\"mailto:christian.kuenzli@121fitness.ch\">christian.kuenzli@121fitness.ch<\/a><\/p>\n<\/div>\n\n\n\n<div class=\"wp-block-column is-layout-flow wp-block-column-is-layout-flow\">\n<p><strong>Evelyne K\u00fcnzli<\/strong><br>Z\u00fcrichstrasse 94a &#8211; 8700 K\u00fcsnacht<br><a href=\"mailto:evelyne.kuenzli@121fitness.ch\">evelyne.kuenzli@121fitness.ch<\/a><\/p>\n<\/div>\n<\/div>\n\n\n\n<hr class=\"wp-block-separator has-alpha-channel-opacity\" style=\"margin-top:0px;margin-bottom:0px\"\/>\n\n\n\n<div class=\"wp-block-columns is-layout-flex wp-container-core-columns-is-layout-28f84493 wp-block-columns-is-layout-flex\">\n<div class=\"wp-block-column is-layout-flow wp-block-column-is-layout-flow\">\n<p><a href=\"https:\/\/121fitness.ch\/de\/impressum\/\">Impressum<\/a> | <a href=\"https:\/\/121fitness.ch\/de\/datenschutz\/\">Datenschutz<\/a><\/p>\n<\/div>\n<\/div>\n<\/div>\n<\/section>\n","protected":false},"excerpt":{"rendered":"<p>Impressum Verantwortlich f\u00fcr den Inhalt 121fitness GmbHZ\u00fcrichstrasse 94a8700 K\u00fcsnachtSchweizE-Mail: christian.kuenzli@121fitness.chTel.: +41 43 817 87 50<\/p>\n","protected":false},"author":3,"featured_media":0,"parent":0,"menu_order":0,"comment_status":"closed","ping_status":"closed","template":"","meta":{"footnotes":""},"class_list":["post-217","page","type-page","status-publish","hentry"],"yoast_head":"<!-- This site is optimized with the Yoast SEO plugin v21.0 - https:\/\/yoast.com\/wordpress\/plugins\/seo\/ -->\n<title>Impressum - 121Fitness - a special one to one experience<\/title>\n<meta name=\"robots\" content=\"index, follow, max-snippet:-1, max-image-preview:large, max-video-preview:-1\" \/>\n<link rel=\"canonical\" href=\"https:\/\/121fitness.ch\/de\/impressum\/\" \/>\n<meta property=\"og:locale\" content=\"de_DE\" \/>\n<meta property=\"og:type\" content=\"article\" \/>\n<meta property=\"og:title\" content=\"Impressum - 121Fitness - a special one to one experience\" \/>\n<meta property=\"og:description\" content=\"Impressum Verantwortlich f\u00fcr den Inhalt 121fitness GmbHZ\u00fcrichstrasse 94a8700 K\u00fcsnachtSchweizE-Mail: christian.kuenzli@121fitness.chTel.: +41 43 817 87 50\" \/>\n<meta property=\"og:url\" content=\"https:\/\/121fitness.ch\/de\/impressum\/\" \/>\n<meta property=\"og:site_name\" content=\"121Fitness - a special one to one experience\" \/>\n<meta property=\"article:modified_time\" content=\"2023-09-05T10:39:15+00:00\" \/>\n<meta name=\"twitter:card\" content=\"summary_large_image\" \/>\n<meta name=\"twitter:label1\" content=\"Gesch\u00e4tzte Lesezeit\" \/>\n\t<meta name=\"twitter:data1\" content=\"1\u00a0Minute\" \/>\n<script type=\"application\/ld+json\" class=\"yoast-schema-graph\">{\"@context\":\"https:\/\/schema.org\",\"@graph\":[{\"@type\":\"WebPage\",\"@id\":\"https:\/\/121fitness.ch\/impressum\/\",\"url\":\"https:\/\/121fitness.ch\/impressum\/\",\"name\":\"Impressum - 121Fitness - a special one to one experience\",\"isPartOf\":{\"@id\":\"https:\/\/121fitness.ch\/de\/#website\"},\"datePublished\":\"2023-08-31T22:54:45+00:00\",\"dateModified\":\"2023-09-05T10:39:15+00:00\",\"breadcrumb\":{\"@id\":\"https:\/\/121fitness.ch\/impressum\/#breadcrumb\"},\"inLanguage\":\"de-CH\",\"potentialAction\":[{\"@type\":\"ReadAction\",\"target\":[\"https:\/\/121fitness.ch\/impressum\/\"]}]},{\"@type\":\"BreadcrumbList\",\"@id\":\"https:\/\/121fitness.ch\/impressum\/#breadcrumb\",\"itemListElement\":[{\"@type\":\"ListItem\",\"position\":1,\"name\":\"Home\",\"item\":\"https:\/\/121fitness.ch\/\"},{\"@type\":\"ListItem\",\"position\":2,\"name\":\"Impressum\"}]},{\"@type\":\"WebSite\",\"@id\":\"https:\/\/121fitness.ch\/de\/#website\",\"url\":\"https:\/\/121fitness.ch\/de\/\",\"name\":\"121Fitness - a special one to one experience\",\"description\":\"\",\"potentialAction\":[{\"@type\":\"SearchAction\",\"target\":{\"@type\":\"EntryPoint\",\"urlTemplate\":\"https:\/\/121fitness.ch\/de\/?s={search_term_string}\"},\"query-input\":\"required name=search_term_string\"}],\"inLanguage\":\"de-CH\"}]}<\/script>\n<!-- \/ Yoast SEO plugin. -->","yoast_head_json":{"title":"Impressum - 121Fitness - a special one to one experience","robots":{"index":"index","follow":"follow","max-snippet":"max-snippet:-1","max-image-preview":"max-image-preview:large","max-video-preview":"max-video-preview:-1"},"canonical":"https:\/\/121fitness.ch\/de\/impressum\/","og_locale":"de_DE","og_type":"article","og_title":"Impressum - 121Fitness - a special one to one experience","og_description":"Impressum Verantwortlich f\u00fcr den Inhalt 121fitness GmbHZ\u00fcrichstrasse 94a8700 K\u00fcsnachtSchweizE-Mail: christian.kuenzli@121fitness.chTel.: +41 43 817 87 50","og_url":"https:\/\/121fitness.ch\/de\/impressum\/","og_site_name":"121Fitness - a special one to one experience","article_modified_time":"2023-09-05T10:39:15+00:00","twitter_card":"summary_large_image","twitter_misc":{"Gesch\u00e4tzte Lesezeit":"1\u00a0Minute"},"schema":{"@context":"https:\/\/schema.org","@graph":[{"@type":"WebPage","@id":"https:\/\/121fitness.ch\/impressum\/","url":"https:\/\/121fitness.ch\/impressum\/","name":"Impressum - 121Fitness - a special one to one experience","isPartOf":{"@id":"https:\/\/121fitness.ch\/de\/#website"},"datePublished":"2023-08-31T22:54:45+00:00","dateModified":"2023-09-05T10:39:15+00:00","breadcrumb":{"@id":"https:\/\/121fitness.ch\/impressum\/#breadcrumb"},"inLanguage":"de-CH","potentialAction":[{"@type":"ReadAction","target":["https:\/\/121fitness.ch\/impressum\/"]}]},{"@type":"BreadcrumbList","@id":"https:\/\/121fitness.ch\/impressum\/#breadcrumb","itemListElement":[{"@type":"ListItem","position":1,"name":"Home","item":"https:\/\/121fitness.ch\/"},{"@type":"ListItem","position":2,"name":"Impressum"}]},{"@type":"WebSite","@id":"https:\/\/121fitness.ch\/de\/#website","url":"https:\/\/121fitness.ch\/de\/","name":"121Fitness - a special one to one experience","description":"","potentialAction":[{"@type":"SearchAction","target":{"@type":"EntryPoint","urlTemplate":"https:\/\/121fitness.ch\/de\/?s={search_term_string}"},"query-input":"required name=search_term_string"}],"inLanguage":"de-CH"}]}},"_links":{"self":[{"href":"https:\/\/121fitness.ch\/de\/wp-json\/wp\/v2\/pages\/217","targetHints":{"allow":["GET"]}}],"collection":[{"href":"https:\/\/121fitness.ch\/de\/wp-json\/wp\/v2\/pages"}],"about":[{"href":"https:\/\/121fitness.ch\/de\/wp-json\/wp\/v2\/types\/page"}],"author":[{"embeddable":true,"href":"https:\/\/121fitness.ch\/de\/wp-json\/wp\/v2\/users\/3"}],"replies":[{"embeddable":true,"href":"https:\/\/121fitness.ch\/de\/wp-json\/wp\/v2\/comments?post=217"}],"version-history":[{"count":7,"href":"https:\/\/121fitness.ch\/de\/wp-json\/wp\/v2\/pages\/217\/revisions"}],"predecessor-version":[{"id":247,"href":"https:\/\/121fitness.ch\/de\/wp-json\/wp\/v2\/pages\/217\/revisions\/247"}],"wp:attachment":[{"href":"https:\/\/121fitness.ch\/de\/wp-json\/wp\/v2\/media?parent=217"}],"curies":[{"name":"wp","href":"https:\/\/api.w.org\/{rel}","templated":true}]}}